{"id":16811,"date":"2024-02-16T16:42:00","date_gmt":"2024-02-16T21:42:00","guid":{"rendered":"https:\/\/beta.julierochon.com\/?page_id=16811"},"modified":"2024-02-16T17:53:57","modified_gmt":"2024-02-16T22:53:57","slug":"collaborations","status":"publish","type":"page","link":"https:\/\/julierochon.com\/en\/collaborations\/","title":{"rendered":"Collaborations"},"content":{"rendered":"\t\t<div data-elementor-type=\"wp-page\" data-elementor-id=\"16811\" class=\"elementor elementor-16811\">\n\t\t\t\t\t\t<section class=\"elementor-section elementor-top-section elementor-element elementor-element-19752fa0 elementor-section-height-min-height elementor-section-boxed elementor-section-height-default elementor-section-items-middle parallax_section_no qode_elementor_container_no\" data-id=\"19752fa0\" data-element_type=\"section\" data-e-type=\"section\" data-settings=\"{&quot;background_background&quot;:&quot;classic&quot;}\">\n\t\t\t\t\t\t<div class=\"elementor-container elementor-column-gap-default\">\n\t\t\t\t\t<div class=\"elementor-column elementor-col-100 elementor-top-column elementor-element elementor-element-14a7ef3d\" data-id=\"14a7ef3d\" data-element_type=\"column\" data-e-type=\"column\">\n\t\t\t<div class=\"elementor-widget-wrap elementor-element-populated\">\n\t\t\t\t\t\t<div class=\"elementor-element elementor-element-06c460c elementor-widget elementor-widget-heading\" data-id=\"06c460c\" data-element_type=\"widget\" data-e-type=\"widget\" data-widget_type=\"heading.default\">\n\t\t\t\t<div class=\"elementor-widget-container\">\n\t\t\t\t\t<h1 class=\"elementor-heading-title elementor-size-default\">Collaborations<\/h1>\t\t\t\t<\/div>\n\t\t\t\t<\/div>\n\t\t\t\t\t<\/div>\n\t\t<\/div>\n\t\t\t\t\t<\/div>\n\t\t<\/section>\n\t\t\t\t<section class=\"elementor-section elementor-top-section elementor-element elementor-element-a62f75f elementor-section-boxed elementor-section-height-default elementor-section-height-default parallax_section_no qode_elementor_container_no\" data-id=\"a62f75f\" data-element_type=\"section\" data-e-type=\"section\">\n\t\t\t\t\t\t<div class=\"elementor-container elementor-column-gap-default\">\n\t\t\t\t\t<div class=\"elementor-column elementor-col-100 elementor-top-column elementor-element elementor-element-c6d085d\" data-id=\"c6d085d\" data-element_type=\"column\" data-e-type=\"column\">\n\t\t\t<div class=\"elementor-widget-wrap elementor-element-populated\">\n\t\t\t\t\t\t<div class=\"elementor-element elementor-element-2ffcceb elementor-widget elementor-widget-heading\" data-id=\"2ffcceb\" data-element_type=\"widget\" data-e-type=\"widget\" data-widget_type=\"heading.default\">\n\t\t\t\t<div class=\"elementor-widget-container\">\n\t\t\t\t\t<h2 class=\"elementor-heading-title elementor-size-default\">Let\u2019s collaborate to improve your project\u2019s quality <\/h2>\t\t\t\t<\/div>\n\t\t\t\t<\/div>\n\t\t\t\t<div class=\"elementor-element elementor-element-af43edb elementor-widget elementor-widget-text-editor\" data-id=\"af43edb\" data-element_type=\"widget\" data-e-type=\"widget\" data-widget_type=\"text-editor.default\">\n\t\t\t\t<div class=\"elementor-widget-container\">\n\t\t\t\t\t\t\t\t\t<p>A good idea is one that comes from a strategic analysis, an amalgamation of talented people, and the determination in unlocking new possibilities. I&#8217;m a team player involved in the projects of several advertising and web agencies that add me to their teams to complement and strengthen their service offering.<\/p><p>Whether you run a small studios or large agency, my door is open to discuss a strategic, creative and productive collaboration!<\/p>\t\t\t\t\t\t\t\t<\/div>\n\t\t\t\t<\/div>\n\t\t\t\t<div class=\"elementor-element elementor-element-dc458b6 elementor-widget elementor-widget-heading\" data-id=\"dc458b6\" data-element_type=\"widget\" data-e-type=\"widget\" data-widget_type=\"heading.default\">\n\t\t\t\t<div class=\"elementor-widget-container\">\n\t\t\t\t\t<h2 class=\"elementor-heading-title elementor-size-default\">Why me?<\/h2>\t\t\t\t<\/div>\n\t\t\t\t<\/div>\n\t\t\t\t<div class=\"elementor-element elementor-element-a7a0d8b elementor-icon-list--layout-traditional elementor-list-item-link-full_width elementor-widget elementor-widget-icon-list\" data-id=\"a7a0d8b\" data-element_type=\"widget\" data-e-type=\"widget\" data-widget_type=\"icon-list.default\">\n\t\t\t\t<div class=\"elementor-widget-container\">\n\t\t\t\t\t\t\t<ul class=\"elementor-icon-list-items\">\n\t\t\t\t\t\t\t<li class=\"elementor-icon-list-item\">\n\t\t\t\t\t\t\t\t\t\t\t<span class=\"elementor-icon-list-icon\">\n\t\t\t\t\t\t\t<i aria-hidden=\"true\" class=\"fas fa-square-full\"><\/i>\t\t\t\t\t\t<\/span>\n\t\t\t\t\t\t\t\t\t\t<span class=\"elementor-icon-list-text\">I have over 20 years' experience in communications, marketing and copywriting.<\/span>\n\t\t\t\t\t\t\t\t\t<\/li>\n\t\t\t\t\t\t\t\t<li class=\"elementor-icon-list-item\">\n\t\t\t\t\t\t\t\t\t\t\t<span class=\"elementor-icon-list-icon\">\n\t\t\t\t\t\t\t<i aria-hidden=\"true\" class=\"fas fa-square-full\"><\/i>\t\t\t\t\t\t<\/span>\n\t\t\t\t\t\t\t\t\t\t<span class=\"elementor-icon-list-text\">I've worked with companies as prestigious as \u00c9nergir, Multi-Pr\u00eats Hypoth\u00e8ques, Transat and Casino de Montr\u00e9al, as well as hundreds of small businesses and B2B organizations. I also have a proven track record in multiple industries.<\/span>\n\t\t\t\t\t\t\t\t\t<\/li>\n\t\t\t\t\t\t\t\t<li class=\"elementor-icon-list-item\">\n\t\t\t\t\t\t\t\t\t\t\t<span class=\"elementor-icon-list-icon\">\n\t\t\t\t\t\t\t<i aria-hidden=\"true\" class=\"fas fa-square-full\"><\/i>\t\t\t\t\t\t<\/span>\n\t\t\t\t\t\t\t\t\t\t<span class=\"elementor-icon-list-text\">I grasp with accuracy and ease the essential information to be communicated, the work to be accomplished, and the results to be delivered.<\/span>\n\t\t\t\t\t\t\t\t\t<\/li>\n\t\t\t\t\t\t\t\t<li class=\"elementor-icon-list-item\">\n\t\t\t\t\t\t\t\t\t\t\t<span class=\"elementor-icon-list-icon\">\n\t\t\t\t\t\t\t<i aria-hidden=\"true\" class=\"fas fa-square-full\"><\/i>\t\t\t\t\t\t<\/span>\n\t\t\t\t\t\t\t\t\t\t<span class=\"elementor-icon-list-text\">I never lose sight of the objective and the target customer.<\/span>\n\t\t\t\t\t\t\t\t\t<\/li>\n\t\t\t\t\t\t\t\t<li class=\"elementor-icon-list-item\">\n\t\t\t\t\t\t\t\t\t\t\t<span class=\"elementor-icon-list-icon\">\n\t\t\t\t\t\t\t<i aria-hidden=\"true\" class=\"fas fa-square-full\"><\/i>\t\t\t\t\t\t<\/span>\n\t\t\t\t\t\t\t\t\t\t<span class=\"elementor-icon-list-text\">I always respect my commitments, deadlines and budget.<\/span>\n\t\t\t\t\t\t\t\t\t<\/li>\n\t\t\t\t\t\t<\/ul>\n\t\t\t\t\t\t<\/div>\n\t\t\t\t<\/div>\n\t\t\t\t\t<\/div>\n\t\t<\/div>\n\t\t\t\t\t<\/div>\n\t\t<\/section>\n\t\t\t\t<section class=\"elementor-section elementor-top-section elementor-element elementor-element-9118398 elementor-section-boxed elementor-section-height-default elementor-section-height-default parallax_section_no qode_elementor_container_no\" data-id=\"9118398\" data-element_type=\"section\" data-e-type=\"section\" data-settings=\"{&quot;background_background&quot;:&quot;classic&quot;}\">\n\t\t\t\t\t\t<div class=\"elementor-container elementor-column-gap-default\">\n\t\t\t\t\t<div class=\"elementor-column elementor-col-50 elementor-top-column elementor-element elementor-element-5766a68\" data-id=\"5766a68\" data-element_type=\"column\" data-e-type=\"column\">\n\t\t\t<div class=\"elementor-widget-wrap elementor-element-populated\">\n\t\t\t\t\t\t<div class=\"elementor-element elementor-element-5e1dc0c elementor-widget elementor-widget-heading\" data-id=\"5e1dc0c\" data-element_type=\"widget\" data-e-type=\"widget\" data-widget_type=\"heading.default\">\n\t\t\t\t<div class=\"elementor-widget-container\">\n\t\t\t\t\t<p class=\"elementor-heading-title elementor-size-default\">Need an experienced collaborator?<\/p>\t\t\t\t<\/div>\n\t\t\t\t<\/div>\n\t\t\t\t\t<\/div>\n\t\t<\/div>\n\t\t\t\t<div class=\"elementor-column elementor-col-50 elementor-top-column elementor-element elementor-element-841d89c\" data-id=\"841d89c\" data-element_type=\"column\" data-e-type=\"column\">\n\t\t\t<div class=\"elementor-widget-wrap elementor-element-populated\">\n\t\t\t\t\t\t<div class=\"elementor-element elementor-element-8ae9a80 elementor-align-center elementor-widget elementor-widget-button\" data-id=\"8ae9a80\" data-element_type=\"widget\" data-e-type=\"widget\" data-widget_type=\"button.default\">\n\t\t\t\t<div class=\"elementor-widget-container\">\n\t\t\t\t\t\t\t\t\t<div class=\"elementor-button-wrapper\">\n\t\t\t\t\t<a class=\"elementor-button elementor-button-link elementor-size-md\" href=\"\/en\/contact\/\">\n\t\t\t\t\t\t<span class=\"elementor-button-content-wrapper\">\n\t\t\t\t\t\t\t\t\t<span class=\"elementor-button-text\">Let\u2019s talk<\/span>\n\t\t\t\t\t<\/span>\n\t\t\t\t\t<\/a>\n\t\t\t\t<\/div>\n\t\t\t\t\t\t\t\t<\/div>\n\t\t\t\t<\/div>\n\t\t\t\t\t<\/div>\n\t\t<\/div>\n\t\t\t\t\t<\/div>\n\t\t<\/section>\n\t\t\t\t<\/div>\n\t\t","protected":false},"excerpt":{"rendered":"<p>Collaborations Let\u2019s collaborate to improve your project\u2019s quality A good idea is one that comes from a strategic analysis, an amalgamation of talented people, and the determination in unlocking new possibilities. I&#8217;m a team player involved in the projects of several advertising and web agencies&#8230;<\/p>\n","protected":false},"author":1,"featured_media":0,"parent":0,"menu_order":-5500,"comment_status":"closed","ping_status":"closed","template":"elementor_header_footer","meta":{"footnotes":""},"class_list":["post-16811","page","type-page","status-publish","hentry"],"yoast_head":"<!-- This site is optimized with the Yoast SEO plugin v27.4 - https:\/\/yoast.com\/product\/yoast-seo-wordpress\/ -->\n<title>Freelance communications, marketing and copywriting | Julie Rochon communications<\/title>\n<meta name=\"description\" content=\"Whether you run a graphic design studio, web firm, or ad agency, my door is open to discuss a strategic, creative and productive collaboration!\" \/>\n<meta name=\"robots\" content=\"index, follow, max-snippet:-1, max-image-preview:large, max-video-preview:-1\" \/>\n<link rel=\"canonical\" href=\"https:\/\/julierochon.com\/en\/collaborations\/\" \/>\n<meta property=\"og:locale\" content=\"en_US\" \/>\n<meta property=\"og:type\" content=\"article\" \/>\n<meta property=\"og:title\" content=\"Freelance communications, marketing and copywriting | Julie Rochon communications\" \/>\n<meta property=\"og:description\" content=\"Whether you run a graphic design studio, web firm, or ad agency, my door is open to discuss a strategic, creative and productive collaboration!\" \/>\n<meta property=\"og:url\" content=\"https:\/\/julierochon.com\/en\/collaborations\/\" \/>\n<meta property=\"og:site_name\" content=\"Julie Rochon communications\" \/>\n<meta property=\"article:modified_time\" content=\"2024-02-16T22:53:57+00:00\" \/>\n<meta name=\"twitter:label1\" content=\"Est. reading time\" \/>\n\t<meta name=\"twitter:data1\" content=\"1 minute\" \/>\n<script type=\"application\/ld+json\" class=\"yoast-schema-graph\">{\"@context\":\"https:\\\/\\\/schema.org\",\"@graph\":[{\"@type\":\"WebPage\",\"@id\":\"https:\\\/\\\/julierochon.com\\\/en\\\/collaborations\\\/\",\"url\":\"https:\\\/\\\/julierochon.com\\\/en\\\/collaborations\\\/\",\"name\":\"Freelance communications, marketing and copywriting | Julie Rochon communications\",\"isPartOf\":{\"@id\":\"https:\\\/\\\/julierochon.com\\\/#website\"},\"datePublished\":\"2024-02-16T21:42:00+00:00\",\"dateModified\":\"2024-02-16T22:53:57+00:00\",\"description\":\"Whether you run a graphic design studio, web firm, or ad agency, my door is open to discuss a strategic, creative and productive collaboration!\",\"breadcrumb\":{\"@id\":\"https:\\\/\\\/julierochon.com\\\/en\\\/collaborations\\\/#breadcrumb\"},\"inLanguage\":\"en-US\",\"potentialAction\":[{\"@type\":\"ReadAction\",\"target\":[\"https:\\\/\\\/julierochon.com\\\/en\\\/collaborations\\\/\"]}]},{\"@type\":\"BreadcrumbList\",\"@id\":\"https:\\\/\\\/julierochon.com\\\/en\\\/collaborations\\\/#breadcrumb\",\"itemListElement\":[{\"@type\":\"ListItem\",\"position\":1,\"name\":\"Accueil\",\"item\":\"https:\\\/\\\/julierochon.com\\\/en\\\/\"},{\"@type\":\"ListItem\",\"position\":2,\"name\":\"Collaborations\"}]},{\"@type\":\"WebSite\",\"@id\":\"https:\\\/\\\/julierochon.com\\\/#website\",\"url\":\"https:\\\/\\\/julierochon.com\\\/\",\"name\":\"Julie Rochon communications\",\"description\":\"Communications et marketing\",\"potentialAction\":[{\"@type\":\"SearchAction\",\"target\":{\"@type\":\"EntryPoint\",\"urlTemplate\":\"https:\\\/\\\/julierochon.com\\\/?s={search_term_string}\"},\"query-input\":{\"@type\":\"PropertyValueSpecification\",\"valueRequired\":true,\"valueName\":\"search_term_string\"}}],\"inLanguage\":\"en-US\"}]}<\/script>\n<!-- \/ Yoast SEO plugin. -->","yoast_head_json":{"title":"Freelance communications, marketing and copywriting | Julie Rochon communications","description":"Whether you run a graphic design studio, web firm, or ad agency, my door is open to discuss a strategic, creative and productive collaboration!","robots":{"index":"index","follow":"follow","max-snippet":"max-snippet:-1","max-image-preview":"max-image-preview:large","max-video-preview":"max-video-preview:-1"},"canonical":"https:\/\/julierochon.com\/en\/collaborations\/","og_locale":"en_US","og_type":"article","og_title":"Freelance communications, marketing and copywriting | Julie Rochon communications","og_description":"Whether you run a graphic design studio, web firm, or ad agency, my door is open to discuss a strategic, creative and productive collaboration!","og_url":"https:\/\/julierochon.com\/en\/collaborations\/","og_site_name":"Julie Rochon communications","article_modified_time":"2024-02-16T22:53:57+00:00","twitter_misc":{"Est. reading time":"1 minute"},"schema":{"@context":"https:\/\/schema.org","@graph":[{"@type":"WebPage","@id":"https:\/\/julierochon.com\/en\/collaborations\/","url":"https:\/\/julierochon.com\/en\/collaborations\/","name":"Freelance communications, marketing and copywriting | Julie Rochon communications","isPartOf":{"@id":"https:\/\/julierochon.com\/#website"},"datePublished":"2024-02-16T21:42:00+00:00","dateModified":"2024-02-16T22:53:57+00:00","description":"Whether you run a graphic design studio, web firm, or ad agency, my door is open to discuss a strategic, creative and productive collaboration!","breadcrumb":{"@id":"https:\/\/julierochon.com\/en\/collaborations\/#breadcrumb"},"inLanguage":"en-US","potentialAction":[{"@type":"ReadAction","target":["https:\/\/julierochon.com\/en\/collaborations\/"]}]},{"@type":"BreadcrumbList","@id":"https:\/\/julierochon.com\/en\/collaborations\/#breadcrumb","itemListElement":[{"@type":"ListItem","position":1,"name":"Accueil","item":"https:\/\/julierochon.com\/en\/"},{"@type":"ListItem","position":2,"name":"Collaborations"}]},{"@type":"WebSite","@id":"https:\/\/julierochon.com\/#website","url":"https:\/\/julierochon.com\/","name":"Julie Rochon communications","description":"Communications et marketing","potentialAction":[{"@type":"SearchAction","target":{"@type":"EntryPoint","urlTemplate":"https:\/\/julierochon.com\/?s={search_term_string}"},"query-input":{"@type":"PropertyValueSpecification","valueRequired":true,"valueName":"search_term_string"}}],"inLanguage":"en-US"}]}},"_links":{"self":[{"href":"https:\/\/julierochon.com\/en\/wp-json\/wp\/v2\/pages\/16811","targetHints":{"allow":["GET"]}}],"collection":[{"href":"https:\/\/julierochon.com\/en\/wp-json\/wp\/v2\/pages"}],"about":[{"href":"https:\/\/julierochon.com\/en\/wp-json\/wp\/v2\/types\/page"}],"author":[{"embeddable":true,"href":"https:\/\/julierochon.com\/en\/wp-json\/wp\/v2\/users\/1"}],"replies":[{"embeddable":true,"href":"https:\/\/julierochon.com\/en\/wp-json\/wp\/v2\/comments?post=16811"}],"version-history":[{"count":5,"href":"https:\/\/julierochon.com\/en\/wp-json\/wp\/v2\/pages\/16811\/revisions"}],"predecessor-version":[{"id":17014,"href":"https:\/\/julierochon.com\/en\/wp-json\/wp\/v2\/pages\/16811\/revisions\/17014"}],"wp:attachment":[{"href":"https:\/\/julierochon.com\/en\/wp-json\/wp\/v2\/media?parent=16811"}],"curies":[{"name":"wp","href":"https:\/\/api.w.org\/{rel}","templated":true}]}}